{"id":16,"date":"2015-08-03T19:56:57","date_gmt":"2015-08-03T19:56:57","guid":{"rendered":"https:\/\/www.edugestores.pe\/?page_id=16"},"modified":"2022-02-17T09:29:54","modified_gmt":"2022-02-17T14:29:54","slug":"quienes-somos","status":"publish","type":"page","link":"https:\/\/www.edugestores.pe\/?page_id=16","title":{"rendered":"\u00bfQui\u00e9nes Somos?"},"content":{"rendered":"\n<p>El proyecto <strong>Edugestores <\/strong>es responsabilidad del <strong>Instituto de Investigaci\u00f3n y Pol\u00edticas Educativas<\/strong> de la <strong>Universidad Antonio Ruiz de Montoya<\/strong>, se inici\u00f3 en el a\u00f1o 2016 con la asistencia t\u00e9cnica del <strong>Proyecto Fortalecimiento de la Gesti\u00f3n de la Educaci\u00f3n en el Per\u00fa \u2013 FORGE<\/strong> implementado por <strong>GRADE <\/strong>y con el apoyo financiero del <strong>Gobierno de Canad\u00e1<\/strong> y la colaboraci\u00f3n de <strong>UNICEF<\/strong>.<\/p>\n\n\n\n<p><strong>Edugestores <\/strong>es una <strong>comunidad <\/strong>que re\u00fane a profesionales con responsabilidades de <strong>gesti\u00f3n en educaci\u00f3n<\/strong> y a aquellos con un inter\u00e9s explicito en la <strong>gesti\u00f3n descentralizada del sistema educativo<\/strong>, para intercambiar voluntariamente informaci\u00f3n y opini\u00f3n, producir conocimiento como resultado del di\u00e1logo y reflexi\u00f3n sobre su pr\u00e1ctica y para continuar aprendiendo a liderar el cambio en el Sector.<\/p>\n\n\n\n<div class=\"wp-block-columns is-layout-flex wp-container-2\">\n<div class=\"wp-block-column is-layout-flow\">\n<div class=\"wp-block-image\"><figure class=\"aligncenter size-large\"><img decoding=\"async\" loading=\"lazy\" width=\"1024\" height=\"682\" src=\"https:\/\/www.edugestores.pe\/wp-content\/uploads\/2022\/01\/541626119_f3b83c97b6_o-1024x682.png\" alt=\"\" class=\"wp-image-28368\" srcset=\"https:\/\/www.edugestores.pe\/wp-content\/uploads\/2022\/01\/541626119_f3b83c97b6_o-1024x682.png 1024w, https:\/\/www.edugestores.pe\/wp-content\/uploads\/2022\/01\/541626119_f3b83c97b6_o-300x200.png 300w, https:\/\/www.edugestores.pe\/wp-content\/uploads\/2022\/01\/541626119_f3b83c97b6_o-768x512.png 768w, https:\/\/www.edugestores.pe\/wp-content\/uploads\/2022\/01\/541626119_f3b83c97b6_o.png 1280w\" sizes=\"(max-width: 1024px) 100vw, 1024px\" \/><\/figure><\/div>\n<\/div>\n<\/div>\n\n\n\n<p class=\"has-text-align-center has-text-color\" style=\"color:#483f98\">________<\/p>\n\n\n\n<h1 class=\"wp-block-heading\" id=\"objetivos\"><strong>Objetivos<\/strong><\/h1>\n\n\n\n<ul><li>Participar de un proceso de inter aprendizaje y mejora continua de la gesti\u00f3n educativa, sensible al contexto y la implementaci\u00f3n intergubernamental, intersectorial y participativa de las pol\u00edticas educativas en los diferentes niveles de gobierno.<\/li><li>Intercambiar informaci\u00f3n clave y buenas pr\u00e1cticas de gesti\u00f3n educativa de alcance nacional, regional y local.<\/li><li>Recrear y producir propuestas para mejorar el sistema de gobierno y gesti\u00f3n p\u00fablica de la educaci\u00f3n.<\/li><li>Generar y mantener espacios de debate, contrastaci\u00f3n y sistematizaci\u00f3n de experiencias pasadas y en marcha.<\/li><li>Desarrollar criterios, m\u00e9todos, herramientas y conceptos a partir de su pr\u00e1ctica y en di\u00e1logo con el saber experto, que ayuden a generar conocimiento sobre la gesti\u00f3n del cambio en el sector.<\/li><\/ul>\n\n\n\n<p class=\"has-text-align-center has-text-color\" style=\"color:#483f98\">________<\/p>\n\n\n\n<h1 class=\"wp-block-heading\" id=\"nuestros-aliados\">Nuestros aliados<\/h1>\n\n\n\n<figure class=\"wp-block-table\"><table><tbody><tr><td><a href=\"https:\/\/www.uarm.edu.pe\/investigacion-e-institutos\/institutos\/\" target=\"_blank\" rel=\"noreferrer noopener\"><img decoding=\"async\" loading=\"lazy\" width=\"340\" height=\"220\" class=\"wp-image-28495\" style=\"width: 300px;\" src=\"https:\/\/www.edugestores.pe\/wp-content\/uploads\/2022\/01\/IIPE-AURM.jpg\" alt=\"\" srcset=\"https:\/\/www.edugestores.pe\/wp-content\/uploads\/2022\/01\/IIPE-AURM.jpg 340w, https:\/\/www.edugestores.pe\/wp-content\/uploads\/2022\/01\/IIPE-AURM-300x194.jpg 300w\" sizes=\"(max-width: 340px) 100vw, 340px\" \/><\/a><\/td><td><a href=\"https:\/\/obepe.org\/\" target=\"_blank\" rel=\"noreferrer noopener\"><img decoding=\"async\" loading=\"lazy\" width=\"340\" height=\"220\" class=\"wp-image-28494\" style=\"width: 300px;\" src=\"https:\/\/www.edugestores.pe\/wp-content\/uploads\/2022\/01\/OBEPE.jpg\" alt=\"\" srcset=\"https:\/\/www.edugestores.pe\/wp-content\/uploads\/2022\/01\/OBEPE.jpg 340w, https:\/\/www.edugestores.pe\/wp-content\/uploads\/2022\/01\/OBEPE-300x194.jpg 300w\" sizes=\"(max-width: 340px) 100vw, 340px\" \/><\/a><\/td><td><a href=\"https:\/\/www.uarm.edu.pe\/\" target=\"_blank\" rel=\"noreferrer noopener\"><img decoding=\"async\" loading=\"lazy\" width=\"340\" height=\"220\" class=\"wp-image-28493\" style=\"width: 300px;\" src=\"https:\/\/www.edugestores.pe\/wp-content\/uploads\/2022\/01\/UARM.jpg\" alt=\"\" srcset=\"https:\/\/www.edugestores.pe\/wp-content\/uploads\/2022\/01\/UARM.jpg 340w, https:\/\/www.edugestores.pe\/wp-content\/uploads\/2022\/01\/UARM-300x194.jpg 300w\" sizes=\"(max-width: 340px) 100vw, 340px\" \/><\/a><\/td><td><a href=\"https:\/\/www.uarm.edu.pe\/catedra-unesco-en-politicas-educativas-y-agenda-2030\/\" target=\"_blank\" rel=\"noreferrer noopener\"><img decoding=\"async\" loading=\"lazy\" width=\"340\" height=\"220\" class=\"wp-image-28597\" style=\"width: 300px;\" src=\"https:\/\/www.edugestores.pe\/wp-content\/uploads\/2022\/02\/CATEGRA-EDUGESTORES-1.jpg\" alt=\"\" srcset=\"https:\/\/www.edugestores.pe\/wp-content\/uploads\/2022\/02\/CATEGRA-EDUGESTORES-1.jpg 340w, https:\/\/www.edugestores.pe\/wp-content\/uploads\/2022\/02\/CATEGRA-EDUGESTORES-1-300x194.jpg 300w\" sizes=\"(max-width: 340px) 100vw, 340px\" \/><\/a><\/td><\/tr><\/tbody><\/table><\/figure>\n\n\n\n<p class=\"has-text-align-center has-text-color\" style=\"color:#483f98\">________<\/p>\n\n\n\n<h1 class=\"wp-block-heading\" id=\"nuestros-aliados\">Sitios de inter\u00e9s<\/h1>\n\n\n<div class=\"lswssp-wrap lswssp-logo-showcase lswssp-logo-carousel-wrap lswssp-post-data-wrap lswssp-design-1  lswssp-center lswssp-default-height\">\r\n\t<div class=\"lswssp-logo-carousel lswssp-logo-carousel-inr-wrap lswssp-post-data-inr-wrap lswssp-tooltip-conf lswssp-clearfix\" id=\"lswssp-logo-carousel-1\" data-conf=\"{&quot;id&quot;:&quot;28561&quot;,&quot;css_class&quot;:&quot; lswssp-center lswssp-default-height&quot;,&quot;display_type&quot;:&quot;slider&quot;,&quot;images&quot;:[28499,28500,28501,28502,28569],&quot;design&quot;:&quot;design-1&quot;,&quot;show_title&quot;:true,&quot;show_desc&quot;:false,&quot;link_target&quot;:&quot;_blank&quot;,&quot;min_height&quot;:&quot;&quot;,&quot;slides_show&quot;:3,&quot;slides_scroll&quot;:3,&quot;autoplay&quot;:true,&quot;autoplay_speed&quot;:1000,&quot;speed&quot;:600,&quot;arrow&quot;:true,&quot;dots&quot;:true,&quot;loop&quot;:true,&quot;centermode&quot;:true,&quot;center_padding&quot;:0,&quot;ipad&quot;:&quot;&quot;,&quot;tablet&quot;:&quot;&quot;,&quot;mobile&quot;:&quot;&quot;,&quot;unique&quot;:1,&quot;count&quot;:0,&quot;slide_to_show&quot;:5,&quot;slide_to_show_ipad&quot;:3,&quot;slide_to_show_tablet&quot;:2,&quot;slide_to_show_mobile&quot;:1}\"><div class=\"lswssp-slide lswssp-post-28499\">\r\n\t<div class=\"lswssp-slide-inner\">\r\n\t\t<div class=\"lswssp-logo-img-wrap\">\r\n\t\t\t\t\t\t\t<a href=\"https:\/\/www.gob.pe\/cne?fbclid=IwAR0k_IYVuD3aELIttABhKg5wqSbLibXXwpjEN0cV_T7-fkzlmZPtp7hzk-M\" class=\"lswssp-logo-img-link\" target=\"_blank\"><img src=\"https:\/\/www.edugestores.pe\/wp-content\/uploads\/2022\/01\/CNE.jpg\" class=\"lswssp-logo-img\" alt=\"Consejo Nacional de Educaci\u00f3n\" \/><\/a>\r\n\t\t\t\t\t<\/div>\r\n\r\n\t\t\t\t\t<div class=\"lswssp-logo-title\">\r\n\t\t\t\tConsejo Nacional de Educaci\u00f3n\t\t\t<\/div>\r\n\t\t\t<\/div>\r\n<\/div><div class=\"lswssp-slide lswssp-post-28500\">\r\n\t<div class=\"lswssp-slide-inner\">\r\n\t\t<div class=\"lswssp-logo-img-wrap\">\r\n\t\t\t\t\t\t\t<a href=\"https:\/\/www.fondep.gob.pe\/\" class=\"lswssp-logo-img-link\" target=\"_blank\"><img src=\"https:\/\/www.edugestores.pe\/wp-content\/uploads\/2022\/01\/Fondep.jpg\" class=\"lswssp-logo-img\" alt=\"Fondep- Fondo Nacional de Desarrollo de la Educaci\u00f3n Peruana\" \/><\/a>\r\n\t\t\t\t\t<\/div>\r\n\r\n\t\t\t\t\t<div class=\"lswssp-logo-title\">\r\n\t\t\t\tFondep- Fondo Nacional de Desarrollo de la Educaci\u00f3n Peruana\t\t\t<\/div>\r\n\t\t\t<\/div>\r\n<\/div><div class=\"lswssp-slide lswssp-post-28501\">\r\n\t<div class=\"lswssp-slide-inner\">\r\n\t\t<div class=\"lswssp-logo-img-wrap\">\r\n\t\t\t\t\t\t\t<img class=\"lswssp-logo-img\" src=\"https:\/\/www.edugestores.pe\/wp-content\/uploads\/2022\/01\/COMUNIDADDEPRACTICA.jpg\" alt=\"Comunidad de Pr\u00e1ctica en Habilidades Socioemocionales (CP - HSE)\" \/>\r\n\t\t\t\t\t<\/div>\r\n\r\n\t\t\t\t\t<div class=\"lswssp-logo-title\">\r\n\t\t\t\tComunidad de Pr\u00e1ctica en Habilidades Socioemocionales (CP - HSE)\t\t\t<\/div>\r\n\t\t\t<\/div>\r\n<\/div><div class=\"lswssp-slide lswssp-post-28502\">\r\n\t<div class=\"lswssp-slide-inner\">\r\n\t\t<div class=\"lswssp-logo-img-wrap\">\r\n\t\t\t\t\t\t\t<a href=\"https:\/\/web.facebook.com\/ConsignaEducacion\/\" class=\"lswssp-logo-img-link\" target=\"_blank\"><img src=\"https:\/\/www.edugestores.pe\/wp-content\/uploads\/2022\/01\/CONSIGNA.jpg\" class=\"lswssp-logo-img\" alt=\"CONSIGNA Educaci\u00f3n\" \/><\/a>\r\n\t\t\t\t\t<\/div>\r\n\r\n\t\t\t\t\t<div class=\"lswssp-logo-title\">\r\n\t\t\t\tCONSIGNA Educaci\u00f3n\t\t\t<\/div>\r\n\t\t\t<\/div>\r\n<\/div><div class=\"lswssp-slide lswssp-post-28569\">\r\n\t<div class=\"lswssp-slide-inner\">\r\n\t\t<div class=\"lswssp-logo-img-wrap\">\r\n\t\t\t\t\t\t\t<a href=\"https:\/\/web.facebook.com\/PlataformaPorLaEducacionPeruOficial\/\" class=\"lswssp-logo-img-link\" target=\"_blank\"><img src=\"https:\/\/www.edugestores.pe\/wp-content\/uploads\/2022\/01\/New-Project1.jpg\" class=\"lswssp-logo-img\" alt=\"Plataforma por la Educaci\u00f3n\" \/><\/a>\r\n\t\t\t\t\t<\/div>\r\n\r\n\t\t\t\t\t<div class=\"lswssp-logo-title\">\r\n\t\t\t\tPlataforma por la Educaci\u00f3n\t\t\t<\/div>\r\n\t\t\t<\/div>\r\n<\/div>\t<\/div>\r\n<\/div>\n","protected":false},"excerpt":{"rendered":"<p>El proyecto Edugestores es responsabilidad del Instituto de Investigaci\u00f3n y Pol\u00edticas Educativas de la Universidad Antonio Ruiz de Montoya, se [&hellip;]<\/p>\n","protected":false},"author":2329,"featured_media":0,"parent":0,"menu_order":0,"comment_status":"closed","ping_status":"closed","template":"","meta":{"spay_email":""},"yoast_head":"<!-- This site is optimized with the Yoast SEO plugin v18.0 - https:\/\/yoast.com\/wordpress\/plugins\/seo\/ -->\n<title>\u00bfQui\u00e9nes Somos?<\/title>\n<meta name=\"robots\" content=\"index, follow, max-snippet:-1, max-image-preview:large, max-video-preview:-1\" \/>\n<link rel=\"canonical\" href=\"https:\/\/www.edugestores.pe\/?page_id=16\" \/>\n<meta property=\"og:locale\" content=\"es_ES\" \/>\n<meta property=\"og:type\" content=\"article\" \/>\n<meta property=\"og:title\" content=\"\u00bfQui\u00e9nes Somos?\" \/>\n<meta property=\"og:description\" content=\"El proyecto Edugestores es responsabilidad del Instituto de Investigaci\u00f3n y Pol\u00edticas Educativas de la Universidad Antonio Ruiz de Montoya, se [&hellip;]\" \/>\n<meta property=\"og:url\" content=\"https:\/\/www.edugestores.pe\/?page_id=16\" \/>\n<meta property=\"og:site_name\" content=\"Red Peruana de Gestores de la Educaci\u00f3n\" \/>\n<meta property=\"article:modified_time\" content=\"2022-02-17T14:29:54+00:00\" \/>\n<meta property=\"og:image\" content=\"https:\/\/www.edugestores.pe\/wp-content\/uploads\/2022\/01\/541626119_f3b83c97b6_o-1024x682.png\" \/>\n<meta name=\"twitter:card\" content=\"summary_large_image\" \/>\n<meta name=\"twitter:label1\" content=\"Tiempo de lectura\" \/>\n\t<meta name=\"twitter:data1\" content=\"3 minutos\" \/>\n<script type=\"application\/ld+json\" class=\"yoast-schema-graph\">{\"@context\":\"https:\/\/schema.org\",\"@graph\":[{\"@type\":\"WebSite\",\"@id\":\"https:\/\/www.edugestores.pe\/#website\",\"url\":\"https:\/\/www.edugestores.pe\/\",\"name\":\"Red Peruana de Gestores de la Educaci\u00f3n\",\"description\":\"Red Peruana de Gestores de la Educaci\u00f3n\",\"potentialAction\":[{\"@type\":\"SearchAction\",\"target\":{\"@type\":\"EntryPoint\",\"urlTemplate\":\"https:\/\/www.edugestores.pe\/?s={search_term_string}\"},\"query-input\":\"required name=search_term_string\"}],\"inLanguage\":\"es\"},{\"@type\":\"ImageObject\",\"@id\":\"https:\/\/www.edugestores.pe\/?page_id=16#primaryimage\",\"inLanguage\":\"es\",\"url\":\"https:\/\/www.edugestores.pe\/wp-content\/uploads\/2022\/01\/541626119_f3b83c97b6_o.png\",\"contentUrl\":\"https:\/\/www.edugestores.pe\/wp-content\/uploads\/2022\/01\/541626119_f3b83c97b6_o.png\",\"width\":1280,\"height\":853},{\"@type\":\"WebPage\",\"@id\":\"https:\/\/www.edugestores.pe\/?page_id=16#webpage\",\"url\":\"https:\/\/www.edugestores.pe\/?page_id=16\",\"name\":\"\u00bfQui\u00e9nes Somos?\",\"isPartOf\":{\"@id\":\"https:\/\/www.edugestores.pe\/#website\"},\"primaryImageOfPage\":{\"@id\":\"https:\/\/www.edugestores.pe\/?page_id=16#primaryimage\"},\"datePublished\":\"2015-08-03T19:56:57+00:00\",\"dateModified\":\"2022-02-17T14:29:54+00:00\",\"breadcrumb\":{\"@id\":\"https:\/\/www.edugestores.pe\/?page_id=16#breadcrumb\"},\"inLanguage\":\"es\",\"potentialAction\":[{\"@type\":\"ReadAction\",\"target\":[\"https:\/\/www.edugestores.pe\/?page_id=16\"]}]},{\"@type\":\"BreadcrumbList\",\"@id\":\"https:\/\/www.edugestores.pe\/?page_id=16#breadcrumb\",\"itemListElement\":[{\"@type\":\"ListItem\",\"position\":1,\"name\":\"Portada\",\"item\":\"https:\/\/www.edugestores.pe\/\"},{\"@type\":\"ListItem\",\"position\":2,\"name\":\"\u00bfQui\u00e9nes Somos?\"}]}]}<\/script>\n<!-- \/ Yoast SEO plugin. -->","yoast_head_json":{"title":"\u00bfQui\u00e9nes Somos?","robots":{"index":"index","follow":"follow","max-snippet":"max-snippet:-1","max-image-preview":"max-image-preview:large","max-video-preview":"max-video-preview:-1"},"canonical":"https:\/\/www.edugestores.pe\/?page_id=16","og_locale":"es_ES","og_type":"article","og_title":"\u00bfQui\u00e9nes Somos?","og_description":"El proyecto Edugestores es responsabilidad del Instituto de Investigaci\u00f3n y Pol\u00edticas Educativas de la Universidad Antonio Ruiz de Montoya, se [&hellip;]","og_url":"https:\/\/www.edugestores.pe\/?page_id=16","og_site_name":"Red Peruana de Gestores de la Educaci\u00f3n","article_modified_time":"2022-02-17T14:29:54+00:00","og_image":[{"url":"https:\/\/www.edugestores.pe\/wp-content\/uploads\/2022\/01\/541626119_f3b83c97b6_o-1024x682.png"}],"twitter_card":"summary_large_image","twitter_misc":{"Tiempo de lectura":"3 minutos"},"schema":{"@context":"https:\/\/schema.org","@graph":[{"@type":"WebSite","@id":"https:\/\/www.edugestores.pe\/#website","url":"https:\/\/www.edugestores.pe\/","name":"Red Peruana de Gestores de la Educaci\u00f3n","description":"Red Peruana de Gestores de la Educaci\u00f3n","potentialAction":[{"@type":"SearchAction","target":{"@type":"EntryPoint","urlTemplate":"https:\/\/www.edugestores.pe\/?s={search_term_string}"},"query-input":"required name=search_term_string"}],"inLanguage":"es"},{"@type":"ImageObject","@id":"https:\/\/www.edugestores.pe\/?page_id=16#primaryimage","inLanguage":"es","url":"https:\/\/www.edugestores.pe\/wp-content\/uploads\/2022\/01\/541626119_f3b83c97b6_o.png","contentUrl":"https:\/\/www.edugestores.pe\/wp-content\/uploads\/2022\/01\/541626119_f3b83c97b6_o.png","width":1280,"height":853},{"@type":"WebPage","@id":"https:\/\/www.edugestores.pe\/?page_id=16#webpage","url":"https:\/\/www.edugestores.pe\/?page_id=16","name":"\u00bfQui\u00e9nes Somos?","isPartOf":{"@id":"https:\/\/www.edugestores.pe\/#website"},"primaryImageOfPage":{"@id":"https:\/\/www.edugestores.pe\/?page_id=16#primaryimage"},"datePublished":"2015-08-03T19:56:57+00:00","dateModified":"2022-02-17T14:29:54+00:00","breadcrumb":{"@id":"https:\/\/www.edugestores.pe\/?page_id=16#breadcrumb"},"inLanguage":"es","potentialAction":[{"@type":"ReadAction","target":["https:\/\/www.edugestores.pe\/?page_id=16"]}]},{"@type":"BreadcrumbList","@id":"https:\/\/www.edugestores.pe\/?page_id=16#breadcrumb","itemListElement":[{"@type":"ListItem","position":1,"name":"Portada","item":"https:\/\/www.edugestores.pe\/"},{"@type":"ListItem","position":2,"name":"\u00bfQui\u00e9nes Somos?"}]}]}},"_links":{"self":[{"href":"https:\/\/www.edugestores.pe\/index.php?rest_route=\/wp\/v2\/pages\/16"}],"collection":[{"href":"https:\/\/www.edugestores.pe\/index.php?rest_route=\/wp\/v2\/pages"}],"about":[{"href":"https:\/\/www.edugestores.pe\/index.php?rest_route=\/wp\/v2\/types\/page"}],"author":[{"embeddable":true,"href":"https:\/\/www.edugestores.pe\/index.php?rest_route=\/wp\/v2\/users\/2329"}],"replies":[{"embeddable":true,"href":"https:\/\/www.edugestores.pe\/index.php?rest_route=%2Fwp%2Fv2%2Fcomments&post=16"}],"version-history":[{"count":20,"href":"https:\/\/www.edugestores.pe\/index.php?rest_route=\/wp\/v2\/pages\/16\/revisions"}],"predecessor-version":[{"id":28606,"href":"https:\/\/www.edugestores.pe\/index.php?rest_route=\/wp\/v2\/pages\/16\/revisions\/28606"}],"wp:attachment":[{"href":"https:\/\/www.edugestores.pe\/index.php?rest_route=%2Fwp%2Fv2%2Fmedia&parent=16"}],"curies":[{"name":"wp","href":"https:\/\/api.w.org\/{rel}","templated":true}]}}